{"id":6,"date":"2016-05-15T20:37:32","date_gmt":"2016-05-16T01:37:32","guid":{"rendered":"http:\/\/foreignersview.wordpress.com\/?page_id=2"},"modified":"2025-09-22T13:39:35","modified_gmt":"2025-09-22T18:39:35","slug":"home","status":"publish","type":"page","link":"https:\/\/mmaluff.com\/es\/","title":{"rendered":""},"content":{"rendered":"<div class=\"wp-block-image\">\n<figure class=\"aligncenter size-large\"><a href=\"https:\/\/i0.wp.com\/mmaluff.com\/wp-content\/uploads\/DSC1923-1-scaled.jpg?ssl=1\"><img data-recalc-dims=\"1\" loading=\"lazy\" decoding=\"async\" width=\"840\" height=\"560\" data-attachment-id=\"1053\" data-permalink=\"https:\/\/mmaluff.com\/es\/home\/dsc1923-1\/\" data-orig-file=\"https:\/\/i0.wp.com\/mmaluff.com\/wp-content\/uploads\/DSC1923-1-scaled.jpg?fit=2560%2C1707&amp;ssl=1\" data-orig-size=\"2560,1707\" data-comments-opened=\"1\" data-image-meta=\"{&quot;aperture&quot;:&quot;2.8&quot;,&quot;credit&quot;:&quot;&quot;,&quot;camera&quot;:&quot;ILCE-7M3&quot;,&quot;caption&quot;:&quot;&quot;,&quot;created_timestamp&quot;:&quot;1603135160&quot;,&quot;copyright&quot;:&quot;&quot;,&quot;focal_length&quot;:&quot;70&quot;,&quot;iso&quot;:&quot;400&quot;,&quot;shutter_speed&quot;:&quot;0.01&quot;,&quot;title&quot;:&quot;&quot;,&quot;orientation&quot;:&quot;0&quot;}\" data-image-title=\"DSC1923-1\" data-image-description=\"\" data-image-caption=\"\" data-large-file=\"https:\/\/i0.wp.com\/mmaluff.com\/wp-content\/uploads\/DSC1923-1-scaled.jpg?fit=840%2C560&amp;ssl=1\" src=\"https:\/\/i0.wp.com\/mmaluff.com\/wp-content\/uploads\/DSC1923-1.jpg?resize=840%2C560&#038;ssl=1\" alt=\"\" class=\"wp-image-1053\" srcset=\"https:\/\/i0.wp.com\/mmaluff.com\/wp-content\/uploads\/DSC1923-1-scaled.jpg?resize=1024%2C683&amp;ssl=1 1024w, https:\/\/i0.wp.com\/mmaluff.com\/wp-content\/uploads\/DSC1923-1-scaled.jpg?resize=300%2C200&amp;ssl=1 300w, https:\/\/i0.wp.com\/mmaluff.com\/wp-content\/uploads\/DSC1923-1-scaled.jpg?resize=768%2C512&amp;ssl=1 768w, https:\/\/i0.wp.com\/mmaluff.com\/wp-content\/uploads\/DSC1923-1-scaled.jpg?resize=1536%2C1024&amp;ssl=1 1536w, https:\/\/i0.wp.com\/mmaluff.com\/wp-content\/uploads\/DSC1923-1-scaled.jpg?resize=2048%2C1365&amp;ssl=1 2048w, https:\/\/i0.wp.com\/mmaluff.com\/wp-content\/uploads\/DSC1923-1-scaled.jpg?resize=1200%2C800&amp;ssl=1 1200w, https:\/\/i0.wp.com\/mmaluff.com\/wp-content\/uploads\/DSC1923-1-scaled.jpg?w=1680&amp;ssl=1 1680w, https:\/\/i0.wp.com\/mmaluff.com\/wp-content\/uploads\/DSC1923-1-scaled.jpg?w=2520&amp;ssl=1 2520w\" sizes=\"auto, (max-width: 709px) 85vw, (max-width: 909px) 67vw, (max-width: 1362px) 62vw, 840px\" \/><\/a><figcaption class=\"wp-element-caption\"><em>Foto por Mat\u00edas Maluff.<\/em><\/figcaption><\/figure>\n<\/div>\n\n\n<p>Me llamo Mauricio Maluff Masi. Soy de Asunci\u00f3n, Paraguay. Estoy cursando un doctorado en filosof\u00eda en Northwestern University, en Evanston, IL, EEUU. Mi investigaci\u00f3n trata de la relaci\u00f3n entre movimientos sociales y la democracia institucional, con \u00e9nfasis en democracias emergentes como la paraguaya.<\/p>\n\n\n\n<p>Me pueden contactar por correo electr\u00f3nico a mmaluff (arroba) gmail (punto) com. Tambi\u00e9n me pueden encontrar en twitter como <a href=\"https:\/\/twitter.com\/mmaluff\">@mmaluff<\/a>.<\/p>\n","protected":false},"excerpt":{"rendered":"<p>Me llamo Mauricio Maluff Masi. Soy de Asunci\u00f3n, Paraguay. Estoy cursando un doctorado en filosof\u00eda en Northwestern University, en Evanston, IL, EEUU. Mi investigaci\u00f3n trata de la relaci\u00f3n entre movimientos sociales y la democracia institucional, con \u00e9nfasis en democracias emergentes como la paraguaya. Me pueden contactar por correo electr\u00f3nico a mmaluff (arroba) gmail (punto) com. &hellip; <a href=\"https:\/\/mmaluff.com\/es\/\" class=\"more-link\">Continue reading<span class=\"screen-reader-text\"> &#8220;&#8221;<\/span><\/a><\/p>\n","protected":false},"author":1,"featured_media":0,"parent":0,"menu_order":0,"comment_status":"closed","ping_status":"closed","template":"","meta":{"advanced_seo_description":"","jetpack_seo_html_title":"","jetpack_seo_noindex":false,"jetpack_post_was_ever_published":false,"footnotes":""},"class_list":["post-6","page","type-page","status-publish","hentry"],"translation":{"provider":"WPGlobus","version":"3.0.2","language":"es","enabled_languages":["en","es"],"languages":{"en":{"title":false,"content":true,"excerpt":false},"es":{"title":false,"content":true,"excerpt":false}}},"jetpack_shortlink":"https:\/\/wp.me\/P3A68f-6","jetpack_sharing_enabled":true,"jetpack_likes_enabled":false,"jetpack-related-posts":[{"id":893,"url":"https:\/\/mmaluff.com\/es\/archive\/","url_meta":{"origin":6,"position":0},"title":"Archive","author":"Mauricio Maluff Masi","date":"January 23, 2014","format":false,"excerpt":"","rel":"","context":"Similar post","block_context":{"text":"Similar post","link":""},"img":{"alt_text":"","src":"","width":0,"height":0},"classes":[]},{"id":950,"url":"https:\/\/mmaluff.com\/es\/blog\/","url_meta":{"origin":6,"position":1},"title":"Blog","author":"Mauricio Maluff Masi","date":"May 15, 2016","format":false,"excerpt":"","rel":"","context":"Similar post","block_context":{"text":"Similar post","link":""},"img":{"alt_text":"","src":"","width":0,"height":0},"classes":[]},{"id":1028,"url":"https:\/\/mmaluff.com\/es\/cv\/","url_meta":{"origin":6,"position":2},"title":"CV (julio 2025)","author":"Mauricio Maluff Masi","date":"August 20, 2021","format":false,"excerpt":"{:en} Download CV. {:}{:es} Se puede encontrar mi CV en formato CVPY actualizado a julio de 2025 aqu\u00ed. Descargar CV. {:}","rel":"","context":"Similar post","block_context":{"text":"Similar post","link":""},"img":{"alt_text":"","src":"","width":0,"height":0},"classes":[]},{"id":982,"url":"https:\/\/mmaluff.com\/es\/text-to-todoist-privacy-policy\/","url_meta":{"origin":6,"position":3},"title":"Text to Todoist Privacy Policy","author":"Mauricio Maluff Masi","date":"November 2, 2017","format":false,"excerpt":"Mauricio Maluff Masi built the Text to Todoist app as an Open Source app. This SERVICE is provided by Mauricio Maluff Masi at no cost and is intended for use as is. This page is used to inform website visitors regarding my policies with the collection, use, and disclosure of\u2026","rel":"","context":"Similar post","block_context":{"text":"Similar post","link":""},"img":{"alt_text":"","src":"","width":0,"height":0},"classes":[]}],"_links":{"self":[{"href":"https:\/\/mmaluff.com\/es\/wp-json\/wp\/v2\/pages\/6","targetHints":{"allow":["GET"]}}],"collection":[{"href":"https:\/\/mmaluff.com\/es\/wp-json\/wp\/v2\/pages"}],"about":[{"href":"https:\/\/mmaluff.com\/es\/wp-json\/wp\/v2\/types\/page"}],"author":[{"embeddable":true,"href":"https:\/\/mmaluff.com\/es\/wp-json\/wp\/v2\/users\/1"}],"replies":[{"embeddable":true,"href":"https:\/\/mmaluff.com\/es\/wp-json\/wp\/v2\/comments?post=6"}],"version-history":[{"count":56,"href":"https:\/\/mmaluff.com\/es\/wp-json\/wp\/v2\/pages\/6\/revisions"}],"predecessor-version":[{"id":1318,"href":"https:\/\/mmaluff.com\/es\/wp-json\/wp\/v2\/pages\/6\/revisions\/1318"}],"wp:attachment":[{"href":"https:\/\/mmaluff.com\/es\/wp-json\/wp\/v2\/media?parent=6"}],"curies":[{"name":"wp","href":"https:\/\/api.w.org\/{rel}","templated":true}]}}